{"id":168,"date":"2018-09-20T10:30:55","date_gmt":"2018-09-20T08:30:55","guid":{"rendered":"https:\/\/xn--gfmrt-iua.org\/?page_id=168"},"modified":"2018-09-20T10:51:05","modified_gmt":"2018-09-20T08:51:05","slug":"impressum","status":"publish","type":"page","link":"https:\/\/oegfmrt.org\/en\/impressum\/","title":{"rendered":"Legal Notice"},"content":{"rendered":"<article id=\"post-7982\" class=\"right-only post-7982 page type-page status-publish hentry\">\n<div class=\"page-content\">\n<h3>\u00d6sterreichische Gesellschaft f\u00fcr funktionelle Magnetresonanztomographie \u00d6GfMRT<\/h3>\n<h2 class=\"text-divider-double\">Seat<\/h2>\n<p><strong>Prof. Dr. Roland Beisteiner<\/strong><\/p>\n<p>Korrespondenzadresse:<\/p>\n<p>Universit\u00e4tsklinik f\u00fcr Neurologie<\/p>\n<p>AG klinische fMRT<\/p>\n<p>W\u00e4hringer G\u00fcrtel 18-20<\/p>\n<p>1090 Wien, \u00d6sterreich<\/p>\n<h2 class=\"text-divider-double\">Secretary<\/h2>\n<p><strong>Dr. Christian Siedentopf<\/strong><\/p>\n<p>Korrespondenzadresse:<\/p>\n<p>Anichstrasse 35<\/p>\n<p>6020 Innsbruck<\/p>\n<p><a href=\"&#109;a&#x69;l&#x74;o&#x3a;o&#x66;f&#x69;c&#x65;&#64;&#x6f;&#101;&#x67;&#102;&#x6d;&#114;&#x74;&#46;&#x6f;&#114;&#x67;?subject=%C3%96GfMRT\" target=\"_self\"><b>Contact<\/b><\/a><\/p>\n<h2 class=\"text-divider-double\">Haftungshinweis<\/h2>\n<div>Despite careful examination we do not take over liability for the contents of external links. Responsibility for external linked pages lies only with their providers.<\/div>\n<p>&nbsp;<\/p>\n<\/div>\n<\/article>\n","protected":false},"excerpt":{"rendered":"<p>\u00d6sterreichische Gesellschaft f\u00fcr funktionelle Magnetresonanztomographie \u00d6GfMRT Seat Prof. Dr. Roland Beisteiner Korrespondenzadresse: Universit\u00e4tsklinik f\u00fcr Neurologie AG klinische fMRT W\u00e4hringer G\u00fcrtel 18-20 1090 Wien, \u00d6sterreich Secretary Dr. Christian Siedentopf Korrespondenzadresse: Anichstrasse 35 6020 Innsbruck Contact Haftungshinweis Despite careful examination we do not take over liability for the contents of external links.<\/p>\n","protected":false},"author":1,"featured_media":0,"parent":0,"menu_order":0,"comment_status":"closed","ping_status":"closed","template":"","meta":{"footnotes":""},"class_list":["post-168","page","type-page","status-publish","hentry"],"translation":{"provider":"WPGlobus","version":"3.0.2","language":"en","enabled_languages":["de","en"],"languages":{"de":{"title":true,"content":true,"excerpt":false},"en":{"title":true,"content":true,"excerpt":false}}},"_links":{"self":[{"href":"https:\/\/oegfmrt.org\/en\/wp-json\/wp\/v2\/pages\/168","targetHints":{"allow":["GET"]}}],"collection":[{"href":"https:\/\/oegfmrt.org\/en\/wp-json\/wp\/v2\/pages"}],"about":[{"href":"https:\/\/oegfmrt.org\/en\/wp-json\/wp\/v2\/types\/page"}],"author":[{"embeddable":true,"href":"https:\/\/oegfmrt.org\/en\/wp-json\/wp\/v2\/users\/1"}],"replies":[{"embeddable":true,"href":"https:\/\/oegfmrt.org\/en\/wp-json\/wp\/v2\/comments?post=168"}],"version-history":[{"count":2,"href":"https:\/\/oegfmrt.org\/en\/wp-json\/wp\/v2\/pages\/168\/revisions"}],"predecessor-version":[{"id":170,"href":"https:\/\/oegfmrt.org\/en\/wp-json\/wp\/v2\/pages\/168\/revisions\/170"}],"wp:attachment":[{"href":"https:\/\/oegfmrt.org\/en\/wp-json\/wp\/v2\/media?parent=168"}],"curies":[{"name":"wp","href":"https:\/\/api.w.org\/{rel}","templated":true}]}}