{"id":184,"date":"2018-09-20T10:59:51","date_gmt":"2018-09-20T08:59:51","guid":{"rendered":"https:\/\/xn--gfmrt-iua.org\/?page_id=184"},"modified":"2019-11-25T13:56:54","modified_gmt":"2019-11-25T12:56:54","slug":"kontakt","status":"publish","type":"page","link":"https:\/\/oegfmrt.org\/en\/kontakt\/","title":{"rendered":"Contact"},"content":{"rendered":"<p>Austrian Society for functional magnetic resonance imaging\u00a0<strong>\u00d6GfMRT<\/strong> and <strong>OHBM Alpine Chapter<\/strong><\/p>\n<p><strong>Correspondence address:<\/strong><br \/>\nProf. Dr. Roland Beisteiner<br \/>\nUniversit\u00e4tsklinik f\u00fcr Neurologie<br \/>\nW\u00e4hringer G\u00fcrtel 18-20<br \/>\n1090 Wien,<\/p>\n<p><span class=\"icon shortcode \">Email:<\/span> <a href=\"&#109;&#x61;&#105;&#x6c;&#116;&#x6f;&#58;&#x6f;&#102;&#x66;&#105;&#x63;&#101;&#x40;&#111;&#x65;&#103;&#x66;&#109;&#x72;&#116;&#x2e;&#111;&#x72;&#103;?subject=%5b%C3%96GfMRT%5d\">&#111;&#x66;&#102;&#x69;&#99;&#x65;&#64;&#x6f;e&#103;&#x66;&#109;&#x72;&#116;&#x2e;o&#x72;g<\/a><\/p>\n<p>Tel. 01-40400-31170, Fax 01-40400-31410<\/p>\n<p><strong>Bank account<\/strong><\/p>\n<p>\u00d6GfMRT RB Eisenwurzen-N\u00d6, KTN: 544502 BLZ: 32939<br \/>\nIBAN: AT813293900000544502\u00a0 BIC: RLNWATWW939<\/p>\n<h2>Contact Form<\/h2>\n\n<div class=\"wpcf7 no-js\" id=\"wpcf7-f187-o1\" lang=\"de-DE\" dir=\"ltr\" data-wpcf7-id=\"187\">\n<div class=\"screen-reader-response\"><p role=\"status\" aria-live=\"polite\" aria-atomic=\"true\"><\/p> <ul><\/ul><\/div>\n<form action=\"\/en\/wp-json\/wp\/v2\/pages\/184#wpcf7-f187-o1\" method=\"post\" class=\"wpcf7-form init\" aria-label=\"Contact form\" novalidate=\"novalidate\" data-status=\"init\">\n<fieldset class=\"hidden-fields-container\"><input type=\"hidden\" name=\"_wpcf7\" value=\"187\" \/><input type=\"hidden\" name=\"_wpcf7_version\" value=\"6.1.5\" \/><input type=\"hidden\" name=\"_wpcf7_locale\" value=\"de_DE\" \/><input type=\"hidden\" name=\"_wpcf7_unit_tag\" value=\"wpcf7-f187-o1\" \/><input type=\"hidden\" name=\"_wpcf7_container_post\" value=\"0\" \/><input type=\"hidden\" name=\"_wpcf7_posted_data_hash\" value=\"\" \/><input type=\"hidden\" name=\"_wpcf7_recaptcha_response\" value=\"\" \/>\n<\/fieldset>\n<p><label> Your Name (required)<br \/>\n<span class=\"wpcf7-form-control-wrap\" data-name=\"your-name\"><input size=\"40\" maxlength=\"400\" class=\"wpcf7-form-control wpcf7-text wpcf7-validates-as-required\" aria-required=\"true\" aria-invalid=\"false\" value=\"\" type=\"text\" name=\"your-name\" \/><\/span> <\/label>\n<\/p>\n<p><label> Your E-Mail Address (required)<br \/>\n<span class=\"wpcf7-form-control-wrap\" data-name=\"your-email\"><input size=\"40\" maxlength=\"400\" class=\"wpcf7-form-control wpcf7-email wpcf7-validates-as-required wpcf7-text wpcf7-validates-as-email\" aria-required=\"true\" aria-invalid=\"false\" value=\"\" type=\"email\" name=\"your-email\" \/><\/span> <\/label>\n<\/p>\n<p><label> Subject<br \/>\n<span class=\"wpcf7-form-control-wrap\" data-name=\"your-subject\"><input size=\"40\" maxlength=\"400\" class=\"wpcf7-form-control wpcf7-text\" aria-invalid=\"false\" value=\"\" type=\"text\" name=\"your-subject\" \/><\/span> <\/label>\n<\/p>\n<p><label> Your Message<br \/>\n<span class=\"wpcf7-form-control-wrap\" data-name=\"your-message\"><textarea cols=\"40\" rows=\"10\" maxlength=\"2000\" class=\"wpcf7-form-control wpcf7-textarea\" aria-invalid=\"false\" name=\"your-message\"><\/textarea><\/span> <\/label>\n<\/p>\n<p><input class=\"wpcf7-form-control wpcf7-submit has-spinner\" type=\"submit\" value=\"Send\" \/>\n<\/p><div class=\"wpcf7-response-output\" aria-hidden=\"true\"><\/div>\n<\/form>\n<\/div>\n\n","protected":false},"excerpt":{"rendered":"<p>Austrian Society for functional magnetic resonance imaging\u00a0\u00d6GfMRT and OHBM Alpine Chapter Correspondence address: Prof. Dr. Roland Beisteiner Universit\u00e4tsklinik f\u00fcr Neurologie W\u00e4hringer G\u00fcrtel 18-20 1090 Wien, Email: off&#105;&#99;&#101;&#x40;&#x6f;&#x65;&#x67;&#x66;&#x6d;rt&#46;&#111;&#114;&#103; Tel. 01-40400-31170, Fax 01-40400-31410 Bank account \u00d6GfMRT RB Eisenwurzen-N\u00d6, KTN: 544502 BLZ: 32939 IBAN: AT813293900000544502\u00a0 BIC: RLNWATWW939 Contact Form<\/p>\n","protected":false},"author":1,"featured_media":0,"parent":0,"menu_order":0,"comment_status":"closed","ping_status":"closed","template":"","meta":{"footnotes":""},"class_list":["post-184","page","type-page","status-publish","hentry"],"translation":{"provider":"WPGlobus","version":"3.0.2","language":"en","enabled_languages":["de","en"],"languages":{"de":{"title":true,"content":true,"excerpt":false},"en":{"title":true,"content":true,"excerpt":false}}},"_links":{"self":[{"href":"https:\/\/oegfmrt.org\/en\/wp-json\/wp\/v2\/pages\/184","targetHints":{"allow":["GET"]}}],"collection":[{"href":"https:\/\/oegfmrt.org\/en\/wp-json\/wp\/v2\/pages"}],"about":[{"href":"https:\/\/oegfmrt.org\/en\/wp-json\/wp\/v2\/types\/page"}],"author":[{"embeddable":true,"href":"https:\/\/oegfmrt.org\/en\/wp-json\/wp\/v2\/users\/1"}],"replies":[{"embeddable":true,"href":"https:\/\/oegfmrt.org\/en\/wp-json\/wp\/v2\/comments?post=184"}],"version-history":[{"count":7,"href":"https:\/\/oegfmrt.org\/en\/wp-json\/wp\/v2\/pages\/184\/revisions"}],"predecessor-version":[{"id":561,"href":"https:\/\/oegfmrt.org\/en\/wp-json\/wp\/v2\/pages\/184\/revisions\/561"}],"wp:attachment":[{"href":"https:\/\/oegfmrt.org\/en\/wp-json\/wp\/v2\/media?parent=184"}],"curies":[{"name":"wp","href":"https:\/\/api.w.org\/{rel}","templated":true}]}}