{"id":189,"date":"2018-09-20T11:18:00","date_gmt":"2018-09-20T09:18:00","guid":{"rendered":"https:\/\/xn--gfmrt-iua.org\/?page_id=189"},"modified":"2021-06-18T16:01:10","modified_gmt":"2021-06-18T14:01:10","slug":"links","status":"publish","type":"page","link":"https:\/\/oegfmrt.org\/en\/links\/","title":{"rendered":"Links"},"content":{"rendered":"<p>The subsequent links (mostly) point to pages in German.<\/p>\n<h2 class=\"text-divider-double\">Links\u00a0to associated societies<\/h2>\n<ul class=\"styled-list icon-accent1\">\n<li class=\"icon-b icon-b \"><a href=\"http:\/\/www.schlaganfall-info.at\/\" target=\"\u201c_blank\u201d\" rel=\"noopener\">\u00d6sterreichische Gesellschaft f\u00fcr Schlaganfallforschung \u2013 \u00d6GSF<\/a><\/li>\n<li class=\"icon-b icon-b \"><a href=\"http:\/\/www.hcs.at\" target=\"\u201c_blank\u201d\" rel=\"noopener\">\u00d6sterreichische Sektion der Internationalen Liga gegen Epilepsie<\/a><\/li>\n<li class=\"icon-b icon-b \"><a href=\"http:\/\/www.parkinson.at\/\" target=\"\u201c_blank\u201d\" rel=\"noopener\">\u00d6sterreichische Parkinsongesellschaft<\/a><\/li>\n<li class=\"icon-b icon-b \"><a href=\"http:\/\/www.oegkn.at\/\" target=\"\u201c_blank\u201d\" rel=\"noopener\">\u00d6sterreichische Gesellschaft f\u00fcr klinische Neurophysiologie \u2013 \u00d6GKN<\/a><\/li>\n<li class=\"icon-b icon-b \"><a href=\"http:\/\/www.alzheimer-gesellschaft.at\/\" target=\"\u201c_blank\u201d\" rel=\"noopener\">\u00d6sterreichische Alzheimergesellschaft \u2013 \u00d6AG<\/a><\/li>\n<li class=\"icon-b icon-b \"><a href=\"http:\/\/www.neuroreha.at\/\" target=\"\u201c_blank\u201d\" rel=\"noopener\">\u00d6sterreichische Gesellschaft f\u00fcr Neurorehabilitation \u2013 \u00d6GNR<\/a><\/li>\n<li class=\"icon-b icon-b \"><a href=\"http:\/\/www.oegn.at\/\" target=\"\u201c_blank\u201d\" rel=\"noopener\">\u00d6sterreichische Gesellschaft f\u00fcr Neurologie \u2013 \u00d6GN<\/a><\/li>\n<\/ul>\n","protected":false},"excerpt":{"rendered":"<p>The subsequent links (mostly) point to pages in German. Links\u00a0to associated societies \u00d6sterreichische Gesellschaft f\u00fcr Schlaganfallforschung \u2013 \u00d6GSF \u00d6sterreichische Sektion der Internationalen Liga gegen Epilepsie \u00d6sterreichische Parkinsongesellschaft \u00d6sterreichische Gesellschaft f\u00fcr klinische Neurophysiologie \u2013 \u00d6GKN \u00d6sterreichische Alzheimergesellschaft \u2013 \u00d6AG \u00d6sterreichische Gesellschaft f\u00fcr Neurorehabilitation \u2013 \u00d6GNR \u00d6sterreichische Gesellschaft f\u00fcr Neurologie \u2013 \u00d6GN<\/p>\n","protected":false},"author":1,"featured_media":0,"parent":0,"menu_order":0,"comment_status":"closed","ping_status":"closed","template":"","meta":{"footnotes":""},"class_list":["post-189","page","type-page","status-publish","hentry"],"translation":{"provider":"WPGlobus","version":"3.0.2","language":"en","enabled_languages":["de","en"],"languages":{"de":{"title":true,"content":true,"excerpt":false},"en":{"title":true,"content":true,"excerpt":false}}},"_links":{"self":[{"href":"https:\/\/oegfmrt.org\/en\/wp-json\/wp\/v2\/pages\/189","targetHints":{"allow":["GET"]}}],"collection":[{"href":"https:\/\/oegfmrt.org\/en\/wp-json\/wp\/v2\/pages"}],"about":[{"href":"https:\/\/oegfmrt.org\/en\/wp-json\/wp\/v2\/types\/page"}],"author":[{"embeddable":true,"href":"https:\/\/oegfmrt.org\/en\/wp-json\/wp\/v2\/users\/1"}],"replies":[{"embeddable":true,"href":"https:\/\/oegfmrt.org\/en\/wp-json\/wp\/v2\/comments?post=189"}],"version-history":[{"count":5,"href":"https:\/\/oegfmrt.org\/en\/wp-json\/wp\/v2\/pages\/189\/revisions"}],"predecessor-version":[{"id":558,"href":"https:\/\/oegfmrt.org\/en\/wp-json\/wp\/v2\/pages\/189\/revisions\/558"}],"wp:attachment":[{"href":"https:\/\/oegfmrt.org\/en\/wp-json\/wp\/v2\/media?parent=189"}],"curies":[{"name":"wp","href":"https:\/\/api.w.org\/{rel}","templated":true}]}}