{"id":191,"date":"2018-09-20T11:21:56","date_gmt":"2018-09-20T09:21:56","guid":{"rendered":"https:\/\/xn--gfmrt-iua.org\/?page_id=191"},"modified":"2020-03-05T15:43:40","modified_gmt":"2020-03-05T14:43:40","slug":"mitgliedschaft","status":"publish","type":"page","link":"https:\/\/oegfmrt.org\/en\/mitgliedschaft\/","title":{"rendered":"Membership in the \u00d6GfMRT"},"content":{"rendered":"<h2 class=\"text-divider-double\">Membership in the \u00d6GfMRT<\/h2>\n<ul>\n<li>For membership application please send a short request to <a href=\"mailto:offic&#101;&#64;&#111;&#101;&#103;&#102;&#109;&#114;&#116;&#46;&#111;&#114;&#103;\">&#111;f&#x66;i&#x63;e&#x40;&#111;&#x65;&#103;&#x66;&#109;r&#x74;&#46;&#x6f;r&#x67;<\/a>. You will then get further instructions.<\/li>\n<li>Membership fee is \u20ac 30.00 per year (students free). Payment by debit mandate is preferred.<\/li>\n<li>\u00d6GfMRT is open for scientists with Austrian citizenship or working in Austria as defined in the \u00d6GfMRT bylaws.<\/li>\n<li>The Society has ordinary, extra-ordinary, and honorary members.<\/li>\n<li>Benefits of \u00d6GfMRT membership include 25% fee reductions for \u00d6GfMRT and Alpine Chapter events. In case of a double membership (\u00d6GfMRT + OHBM membership) the reduction is 50%.<\/li>\n<li>\u00d6GfMRT membership includes membership in the OHBM Alpine Chapter without additional costs (\u201copt-out\u201d is possible). An additional OHBM membership (see below) is recommended.<\/li>\n<\/ul>\n<h4>You find more detailed information in the bylaws (in German only):<\/h4>\n<p style=\"text-align: center;\"><a class=\"maxbutton-1 maxbutton maxbutton-small\" href=\"https:\/\/\u00f6gfmrt.org\/en\/ueber-uns\/statuten\/\"><span class='mb-text'>Bylaws<\/span><\/a><\/p>\n<h2>(Full) Membership in the Organization for Human Brain Mapping<\/h2>\n<p>You will find information on how to become an OHBM member on their <a href=\"https:\/\/www.humanbrainmapping.org\/i4a\/ams\/public\/member_start.cfm?mbrAppID=5&amp;pageID=3304\" target=\"_blank\" rel=\"noopener\">homepage<\/a>. Benefits of OHBM membership include 25% fee reductions for \u00d6GfMRT events (in addition to \u00d6GfMRT \/ Alpine Chapter membership reductions when applicable).<\/p>\n<p>&nbsp;<\/p>\n","protected":false},"excerpt":{"rendered":"<p>Membership in the \u00d6GfMRT For membership application please send a short request to &#x6f;&#x66;&#x66;&#x69;&#x63;&#x65;&#x40;&#111;&#101;&#103;&#102;&#109;rt&#46;o&#x72;&#x67;. You will then get further instructions. Membership fee is \u20ac 30.00 per year (students free). Payment by debit mandate is preferred. \u00d6GfMRT is open for scientists with Austrian citizenship or working in Austria as defined in<\/p>\n","protected":false},"author":1,"featured_media":0,"parent":0,"menu_order":0,"comment_status":"closed","ping_status":"closed","template":"","meta":{"footnotes":""},"class_list":["post-191","page","type-page","status-publish","hentry"],"translation":{"provider":"WPGlobus","version":"3.0.2","language":"en","enabled_languages":["de","en"],"languages":{"de":{"title":true,"content":true,"excerpt":false},"en":{"title":true,"content":true,"excerpt":false}}},"_links":{"self":[{"href":"https:\/\/oegfmrt.org\/en\/wp-json\/wp\/v2\/pages\/191","targetHints":{"allow":["GET"]}}],"collection":[{"href":"https:\/\/oegfmrt.org\/en\/wp-json\/wp\/v2\/pages"}],"about":[{"href":"https:\/\/oegfmrt.org\/en\/wp-json\/wp\/v2\/types\/page"}],"author":[{"embeddable":true,"href":"https:\/\/oegfmrt.org\/en\/wp-json\/wp\/v2\/users\/1"}],"replies":[{"embeddable":true,"href":"https:\/\/oegfmrt.org\/en\/wp-json\/wp\/v2\/comments?post=191"}],"version-history":[{"count":25,"href":"https:\/\/oegfmrt.org\/en\/wp-json\/wp\/v2\/pages\/191\/revisions"}],"predecessor-version":[{"id":366,"href":"https:\/\/oegfmrt.org\/en\/wp-json\/wp\/v2\/pages\/191\/revisions\/366"}],"wp:attachment":[{"href":"https:\/\/oegfmrt.org\/en\/wp-json\/wp\/v2\/media?parent=191"}],"curies":[{"name":"wp","href":"https:\/\/api.w.org\/{rel}","templated":true}]}}